{"id":49,"date":"2020-09-28T17:53:55","date_gmt":"2020-09-28T15:53:55","guid":{"rendered":"https:\/\/clooziweb.com\/breizhworld\/?page_id=49"},"modified":"2020-09-29T14:45:13","modified_gmt":"2020-09-29T12:45:13","slug":"accueil","status":"publish","type":"page","link":"https:\/\/cloozi.com\/breizhworld\/","title":{"rendered":"Accueil"},"content":{"rendered":"<h2>\n\t\tLa presse Cloozi\n\t<\/h2>\n\t\t\t\t<img loading=\"lazy\" decoding=\"async\" src=\"https:\/\/clooziweb.com\/breizhworld\/wp-content\/uploads\/sites\/85\/2020\/09\/newspaper.png\" alt=\"newspaper\" itemprop=\"image\" height=\"256\" width=\"256\" title=\"newspaper\" onerror=\"this.style.display='none'\"  \/>\n<h3>\n\t\tUt suscipit velit ullamcorper\n\t<\/h3>\n\t<p>Ut suscipit velit ullamcorper purus varius consectetur. Cras ac tellus felis. Aliquam erat volutpat. Curabitur porttitor volutpat luctus. Vivamus hendrerit mauris orci, blandit lacinia lectus aliquam ut.<\/p>\n<p>Vestibulum nec maximus elit, quis consectetur magna. Aliquam erat volutpat. Etiam egestas augue eget commodo interdum. Integer eget lobortis libero, a tempor metus. Vivamus efficitur ac leo non pretium. Nullam iaculis diam at gravida interdum.<\/p>\n<h2>\n\t\tLes actus Cloozipresse\n\t<\/h2>\n\t\t\t<a href=\"\" target=\"_self\" role=\"button\" rel=\"noopener noreferrer\">\n\t\t\t\t\t\t\tVoir toutes les actus\n\t\t\t\t\t<\/a>\n<h2>\n\t\tLes \u00e9v\u00e8nements Cloozipresse\n\t<\/h2>\n\t\t\t\t<img loading=\"lazy\" decoding=\"async\" src=\"https:\/\/clooziweb.com\/breizhworld\/wp-content\/uploads\/sites\/85\/2020\/09\/calendar.png\" alt=\"calendar\" itemprop=\"image\" height=\"256\" width=\"256\" title=\"calendar\" onerror=\"this.style.display='none'\"  \/>\n\t\t\t\t\t\t\t\t\t\t\t\t\t\t<a href=\"https:\/\/clooziweb.com\/breizhworld\/event\/publication-dune-nouvelle-revue-de-presse\/\" target=\"_self\" title=\"Publication d&rsquo;une nouvelle revue de presse  !\" rel=\"noopener noreferrer\">\n\t\t\t\t<img decoding=\"async\" src=\"\" alt=\"\" \/>\n\t\t\t\t<\/a>\n\t\t\t\t\t\t<h3>\n\t\t\t\t<a href=https:\/\/clooziweb.com\/breizhworld\/event\/publication-dune-nouvelle-revue-de-presse\/ title=\"Publication d&rsquo;une nouvelle revue de presse  !\" tabindex=\"0\">Publication d&rsquo;une nouvelle revue de presse  !<\/a>\t\t\t<\/h3>\n\t\t\t\t\t\t\t<h5>\n\t\t\t28.09.2020\t\t\t\n\t\t\t\t\t\t\t<\/h5>\n\t\t\t\t\t\t\t\t\tSuspendisse egestas nulla vel eros sollicitudin efficitur. In interdum, ligula eget hendrerit ultricies, elit diam varius mi, ac cursus nibh ex feugiat lectus. Quisque eu nisi gravida diam tincidunt pharetra&hellip;\n\t\t\t\t\t<a href=\"https:\/\/clooziweb.com\/breizhworld\/event\/publication-dune-nouvelle-revue-de-presse\/\" target=\"_self\" rel=\"noopener noreferrer\">En savoir plus &#8594;<\/a>\t\t\n<h2>\n\t\tLes ressources Cloozipresse\n\t<\/h2>\n\t<p>Lorem ipsum dolor sit amet, consectetur adipiscing elit. Sed at viverra lacus. Pellentesque sed urna scelerisque, efficitur sem a, placerat nibh.<\/p>\n<p>Quisque vulputate lacus a condimentum feugiat. In volutpat ligula nisl, et iaculis eros commodo at. Nulla at sem pharetra libero bibendum bibendum. Suspendisse dapibus ante diam, sed blandit eros mattis sed. Vestibulum nec aliquam tortor, ac dignissim urna. Vestibulum in odio vitae dui lacinia rhoncus. Suspendisse eu interdum nibh. Vestibulum rutrum in elit at facilisis.<\/p>\n\t\t\t<h3>Les documents<\/h3>\t\t\t\n\t\t\t\t<p>Retrouvez ici les PDF et documents \u00e0 consulter et t\u00e9l\u00e9charger<\/p>\n<a href=\"\" target=\"_self\" rel=\"noopener noreferrer\">En savoir plus<\/a>\t\t\t \n\t\t\t<h3>Les vid\u00e9os<\/h3>\t\t\t\n\t\t\t\t<p>Retrouvez ici les vid\u00e9os Cloozipresse<\/p>\n<a href=\"\" target=\"_self\" rel=\"noopener noreferrer\">En savoir plus<\/a>\t\t\t \n<h2>\n\t\tIls parlent de nous !\n\t<\/h2>\n\t\t\t<h3> La Tribune met \u00e0 l&#039;honneur Clooziweb<\/h3> <p><a href=\"http:\/\/latribune.fr\/regions\/bretagne\/clooziweb-la-plateforme-de-creation-de-sites-internet-optimise-aussi-le-teletravail-768330.html\">latribune.fr<\/a><\/p>\t\t\n\t\t\t<h3> Clooziweb r\u00e9pertori\u00e9 sur Maddyness<\/h3> <p><a href=\"https:\/\/www.maddyness.com\/2017\/11\/30\/maddytools-passez-maitre-creation-de-site-internet-clooziweb\/\" target=\"_blank\" rel=\"noopener noreferrer\">maddyness.com<\/a><\/p>\t\t\n\t\t\t<h3> T\u00e9l\u00e9travail : la loi avance, Clooziweb aussi<\/h3> <p><a href=\"https:\/\/www.ouest-france.fr\/economie\/entreprises\/management-magalie-choisit-le-teletravail-pour-developper-cloozi-5305515\" target=\"_blank\" rel=\"noopener noreferrer\">ouest-france.fr<\/a><\/p>\t\t\n\t\t\t<h3> Clooziweb, simple et p\u00e9dagogique, pour cr\u00e9er des sites Internet haut de gamme \u00e0 moindre co\u00fbt<\/h3> <p><a href=\"http:\/\/www.topcom.fr\/interviews-videos\/cloozi\/\">topcom.fr<\/a><\/p>\t\t\n\t\t\t<h3> Clooziweb surfe sur le r\u00e9f\u00e9rencement<\/h3> <p><a href=\"https:\/\/actu.fr\/bretagne\/spezet_29278\/la-start-up-clooziweb-surfe-sur-referencement_12841450.html\">actu.fr<\/a><\/p>\t\t\n\t\t\t<h3> Clooziweb, un outil pour cr\u00e9er soi-m\u00eame son site WordPress ou de fa\u00e7on accompagn\u00e9e<\/h3> <p><a href=\"https:\/\/www.letelegramme.fr\/finistere\/quimper\/clooziweb-un-outil-pour-creer-son-propre-site-02-10-2017-11685716.php\">letelegramme.fr<\/a><\/p>\t\t\n\t\t\t<h3> R\u00e9f\u00e9rencement. Pr\u00e8s de Quimper, Clooziweb aide \u00e0 b\u00e2tir son site internet<\/h3> <p><a href=\"https:\/\/www.ouest-france.fr\/bretagne\/quimper-29000\/referencement-pres-de-quimper-clooziweb-aide-batir-son-site-internet-5280105\" target=\"_blank\" rel=\"noopener noreferrer\">ouest-france.fr<\/a><\/p>\t\t\n\t\t\t<h3> Clooziweb, un outil in\u00e9dit pour cr\u00e9er des sites web au r\u00e9f\u00e9rencement optimis\u00e9<\/h3> <p><a href=\"https:\/\/www.entreprendre.fr\/clooziweb\/\">entreprendre.fr<\/a><\/p>\t\t\n\t","protected":false},"excerpt":{"rendered":"<p>La presse Cloozi Ut suscipit velit ullamcorper Ut suscipit velit ullamcorper purus varius consectetur. Cras ac tellus felis. Aliquam erat volutpat. Curabitur porttitor volutpat luctus. Vivamus hendrerit mauris orci, blandit lacinia lectus aliquam ut. Vestibulum nec maximus elit, quis consectetur magna. Aliquam erat volutpat. Etiam egestas augue eget commodo interdum. Integer eget lobortis libero, a&hellip;<\/p>\n","protected":false},"author":753,"featured_media":0,"parent":0,"menu_order":0,"comment_status":"closed","ping_status":"closed","template":"","meta":{"footnotes":""},"class_list":["post-49","page","type-page","status-publish","hentry"],"_links":{"self":[{"href":"https:\/\/cloozi.com\/breizhworld\/wp-json\/wp\/v2\/pages\/49","targetHints":{"allow":["GET"]}}],"collection":[{"href":"https:\/\/cloozi.com\/breizhworld\/wp-json\/wp\/v2\/pages"}],"about":[{"href":"https:\/\/cloozi.com\/breizhworld\/wp-json\/wp\/v2\/types\/page"}],"author":[{"embeddable":true,"href":"https:\/\/cloozi.com\/breizhworld\/wp-json\/wp\/v2\/users\/753"}],"replies":[{"embeddable":true,"href":"https:\/\/cloozi.com\/breizhworld\/wp-json\/wp\/v2\/comments?post=49"}],"version-history":[{"count":10,"href":"https:\/\/cloozi.com\/breizhworld\/wp-json\/wp\/v2\/pages\/49\/revisions"}],"predecessor-version":[{"id":62,"href":"https:\/\/cloozi.com\/breizhworld\/wp-json\/wp\/v2\/pages\/49\/revisions\/62"}],"wp:attachment":[{"href":"https:\/\/cloozi.com\/breizhworld\/wp-json\/wp\/v2\/media?parent=49"}],"curies":[{"name":"wp","href":"https:\/\/api.w.org\/{rel}","templated":true}]}}