{"id":19,"date":"2020-06-09T15:46:14","date_gmt":"2020-06-09T13:46:14","guid":{"rendered":"https:\/\/clooziweb.com\/chamarel-st-clair\/?page_id=19"},"modified":"2021-05-18T09:32:23","modified_gmt":"2021-05-18T07:32:23","slug":"situation-geographique","status":"publish","type":"page","link":"https:\/\/cloozi.com\/chamarel-st-clair\/situation-geographique\/","title":{"rendered":"Situation g\u00e9ographique"},"content":{"rendered":"<h1>\n\t\tSituation g\u00e9ographique\n\t<\/h1>\n<h2>\n\t\tLe Lavandou \n\t<\/h2>\n<h3>\n\t\tBaladez-vous dans ce magnifique village surplombant la c\u00f4te M\u00e9diterran\u00e9enne\n\t<\/h3>\n\t\t\t<a href=\"https:\/\/www.ot-lelavandou.fr\/\" target=\"_blank\" role=\"button\" rel=\"noopener\">\n\t\t\t\t\t\t\tOFFICE DU TOURISME DU LAVANDOU\n\t\t\t\t\t<\/a>\n\t<p>Le Lavandou poss\u00e8de 12 plages de sable sur 12 kilom\u00e8tres de littoral. D\u00e9couvrez les plages de l\u2019Anglade, la grande plage du centre-ville, la plage de Saint-Clair, la plage de la Fossette, la plage d\u2019Aiguebelle, la plage de Cavali\u00e8re, la plage de Pramousquier.<\/p>\n<p>Situ\u00e9 au pied du <strong>Massif des Maures,<\/strong>\u00a0Le Lavandou vous offre 12 kilom\u00e8tres de littoral et 12 plages de sable fin.<\/p>\n<p>Sous le soleil de la c\u00f4te varoise, d\u00e9couvrez <strong>criques<\/strong> cach\u00e9es ou escarp\u00e9es. Mais aussi de belles <strong>plages<\/strong>\u00a0\u00e9quip\u00e9es. Elles vous invitent toutes au farniente ou aux activit\u00e9s aquatiques, nautiques et sous-marines.<\/p>\n<p>Alors n\u2019h\u00e9sitez plus ! Profitez de la plage en mode transats ou avec votre serviette sur le sable, ou en mode sportif en jouant au ballon, raquettes, paddle etc\u2026<\/p>\n<h2>\n\t\tAcc\u00e8s\n\t<\/h2>\n\t<p>Parking gratuit dans la r\u00e9sidence \u2013 emplacement n\u00b011, juste apr\u00e8s les bo\u00eetes \u00e0 lettres<\/p>\n\t\t\t\t<img loading=\"lazy\" decoding=\"async\" src=\"https:\/\/clooziweb.com\/chamarel-st-clair\/wp-content\/uploads\/sites\/80\/2020\/07\/image001.jpg\" alt=\"image001\" height=\"557\" width=\"875\" title=\"image001\" \/>\n\t<p>1 . La mont\u00e9e vers les Hauts de St Clair : le d\u00e9marrage du Chemin du Four des Maures en passant devant la r\u00f4tisserie (ne pas prendre la piste cyclable !)<\/p>\n\t\t\t\t<img loading=\"lazy\" decoding=\"async\" src=\"https:\/\/clooziweb.com\/chamarel-st-clair\/wp-content\/uploads\/sites\/80\/2020\/07\/image002.jpg\" alt=\"image002\" height=\"451\" width=\"907\" title=\"image002\" \/>\n\t<p>2 . Dans la mont\u00e9e du Chemin du Four des Maures, prendre le virage en \u00e9pingle et suivre le Hameau du Four des Maures.<\/p>\n<p>Entr\u00e9e de la r\u00e9sidence au n\u00b0 1245 :<\/p>\n\t\t\t\t<img loading=\"lazy\" decoding=\"async\" src=\"https:\/\/clooziweb.com\/chamarel-st-clair\/wp-content\/uploads\/sites\/80\/2020\/07\/image003.jpg\" alt=\"image003\" height=\"381\" width=\"907\" title=\"image003\" \/>\n\t<p>3 . Le petit chemin p\u00e9destre qui m\u00e8ne au B\u00e2timent B, appartement 7 d\u00e9bute au niveau du scooter jaune : il est sur sa droite.<\/p>\n\t\t\t\t<img loading=\"lazy\" decoding=\"async\" src=\"https:\/\/clooziweb.com\/chamarel-st-clair\/wp-content\/uploads\/sites\/80\/2020\/07\/image004.jpg\" alt=\"image004\" height=\"603\" width=\"749\" title=\"image004\" \/>\n\t\t\t\t<img loading=\"lazy\" decoding=\"async\" src=\"https:\/\/clooziweb.com\/chamarel-st-clair\/wp-content\/uploads\/sites\/80\/2020\/07\/image005.jpg\" alt=\"image005\" height=\"853\" width=\"1159\" title=\"image005\" \/>\n\t\t\t\t<img loading=\"lazy\" decoding=\"async\" src=\"https:\/\/clooziweb.com\/chamarel-st-clair\/wp-content\/uploads\/sites\/80\/2020\/07\/image006.jpg\" alt=\"image006\" height=\"1198\" width=\"913\" title=\"image006\" \/>\n\t<p>Attention\u00a0il y a 2 escaliers\u00a0: un ext\u00e9rieur qui descend \u00e0 la porte d\u2019entr\u00e9e et int\u00e9rieur qui m\u00e8ne \u00e0 l\u2019\u00e9tage o\u00f9 se situe la chambre.<\/p>\n","protected":false},"excerpt":{"rendered":"<p>Situation g\u00e9ographique Le Lavandou Baladez-vous dans ce magnifique village surplombant la c\u00f4te M\u00e9diterran\u00e9enne OFFICE DU TOURISME DU LAVANDOU Le Lavandou poss\u00e8de 12 plages de sable sur 12 kilom\u00e8tres de littoral. D\u00e9couvrez les plages de l\u2019Anglade, la grande plage du centre-ville, la plage de Saint-Clair, la plage de la Fossette, la plage d\u2019Aiguebelle, la plage de&hellip;<\/p>\n","protected":false},"author":753,"featured_media":0,"parent":0,"menu_order":0,"comment_status":"closed","ping_status":"closed","template":"","meta":{"footnotes":""},"class_list":["post-19","page","type-page","status-publish","hentry"],"_links":{"self":[{"href":"https:\/\/cloozi.com\/chamarel-st-clair\/wp-json\/wp\/v2\/pages\/19","targetHints":{"allow":["GET"]}}],"collection":[{"href":"https:\/\/cloozi.com\/chamarel-st-clair\/wp-json\/wp\/v2\/pages"}],"about":[{"href":"https:\/\/cloozi.com\/chamarel-st-clair\/wp-json\/wp\/v2\/types\/page"}],"author":[{"embeddable":true,"href":"https:\/\/cloozi.com\/chamarel-st-clair\/wp-json\/wp\/v2\/users\/753"}],"replies":[{"embeddable":true,"href":"https:\/\/cloozi.com\/chamarel-st-clair\/wp-json\/wp\/v2\/comments?post=19"}],"version-history":[{"count":15,"href":"https:\/\/cloozi.com\/chamarel-st-clair\/wp-json\/wp\/v2\/pages\/19\/revisions"}],"predecessor-version":[{"id":374,"href":"https:\/\/cloozi.com\/chamarel-st-clair\/wp-json\/wp\/v2\/pages\/19\/revisions\/374"}],"wp:attachment":[{"href":"https:\/\/cloozi.com\/chamarel-st-clair\/wp-json\/wp\/v2\/media?parent=19"}],"curies":[{"name":"wp","href":"https:\/\/api.w.org\/{rel}","templated":true}]}}