{"id":4,"date":"2020-06-09T14:59:49","date_gmt":"2020-06-09T12:59:49","guid":{"rendered":"https:\/\/clooziweb.com\/chamarel-st-clair\/?page_id=4"},"modified":"2021-05-18T11:29:54","modified_gmt":"2021-05-18T09:29:54","slug":"accueil","status":"publish","type":"page","link":"https:\/\/cloozi.com\/chamarel-st-clair\/","title":{"rendered":"Accueil"},"content":{"rendered":"\n\t\n\t\t\t<!-- START Slider 1 REVOLUTION SLIDER 6.6.8 --><p class=\"rs-p-wp-fix\"><\/p>\n\t\t\t<rs-module-wrap id=\"rev_slider_1_1_wrapper\" data-source=\"gallery\" style=\"visibility:hidden;background:transparent;padding:0;margin:0px auto;margin-top:0;margin-bottom:0;\">\n\t\t\t\t<rs-module id=\"rev_slider_1_1\" style=\"\" data-version=\"6.6.8\">\n\t\t\t\t\t<rs-slides style=\"overflow: hidden; position: absolute;\">\n\t\t\t\t\t\t<rs-slide style=\"position: absolute;\" data-key=\"rs-5\" data-title=\"Slide\" data-thumb=\"\/\/clooziweb.com\/chamarel-st-clair\/wp-content\/uploads\/sites\/80\/2020\/07\/lavandou.jpg\" data-anim=\"adpr:false;\" data-in=\"o:0;\" data-out=\"a:false;\">\n\t\t\t\t\t\t\t<img decoding=\"async\" src=\"\/\/cloozi.com\/chamarel-st-clair\/wp-content\/plugins\/revslider\/public\/assets\/assets\/dummy.png\" alt=\"\" title=\"lavandou\" width=\"2048\" height=\"1365\" class=\"rev-slidebg tp-rs-img rs-lazyload\" data-lazyload=\"\/\/clooziweb.com\/chamarel-st-clair\/wp-content\/uploads\/sites\/80\/2020\/07\/lavandou.jpg\" data-no-retina>\n<!---->\t\t\t\t\t\t<\/rs-slide>\n\t\t\t\t\t\t<rs-slide style=\"position: absolute;\" data-key=\"rs-1\" data-title=\"Slide\" data-thumb=\"\/\/clooziweb.com\/chamarel-st-clair\/wp-content\/uploads\/sites\/80\/2021\/03\/Chambre-14.jpg\" data-anim=\"adpr:false;\" data-in=\"o:0;\" data-out=\"a:false;\">\n\t\t\t\t\t\t\t<img decoding=\"async\" src=\"\/\/cloozi.com\/chamarel-st-clair\/wp-content\/plugins\/revslider\/public\/assets\/assets\/dummy.png\" alt=\"\" title=\"Chambre 14\" width=\"640\" height=\"480\" class=\"rev-slidebg tp-rs-img rs-lazyload\" data-lazyload=\"\/\/clooziweb.com\/chamarel-st-clair\/wp-content\/uploads\/sites\/80\/2021\/03\/Chambre-14.jpg\" data-no-retina>\n<!---->\t\t\t\t\t\t<\/rs-slide>\n\t\t\t\t\t\t<rs-slide style=\"position: absolute;\" data-key=\"rs-6\" data-title=\"Slide\" data-thumb=\"\/\/clooziweb.com\/chamarel-st-clair\/wp-content\/uploads\/sites\/80\/2020\/07\/IMG_0018.jpg\" data-anim=\"adpr:false;\" data-in=\"o:0;\" data-out=\"a:false;\">\n\t\t\t\t\t\t\t<img decoding=\"async\" src=\"\/\/cloozi.com\/chamarel-st-clair\/wp-content\/plugins\/revslider\/public\/assets\/assets\/dummy.png\" alt=\"\" title=\"IMG_0018\" width=\"640\" height=\"480\" class=\"rev-slidebg tp-rs-img rs-lazyload\" data-lazyload=\"\/\/clooziweb.com\/chamarel-st-clair\/wp-content\/uploads\/sites\/80\/2020\/07\/IMG_0018.jpg\" data-no-retina>\n<!---->\t\t\t\t\t\t<\/rs-slide>\n\t\t\t\t\t<\/rs-slides>\n\t\t\t\t<\/rs-module>\n\t\t\t\t<script>\n\t\t\t\t\tsetREVStartSize({c: 'rev_slider_1_1',rl:[1240,1024,778,480],el:[900],gw:[1240],gh:[900],type:'standard',justify:'',layout:'fullwidth',mh:\"0\"});if (window.RS_MODULES!==undefined && window.RS_MODULES.modules!==undefined && window.RS_MODULES.modules[\"revslider11\"]!==undefined) {window.RS_MODULES.modules[\"revslider11\"].once = false;window.revapi1 = undefined;if (window.RS_MODULES.checkMinimal!==undefined) window.RS_MODULES.checkMinimal()}\n\t\t\t\t<\/script>\n\t\t\t<\/rs-module-wrap>\n\t\t\t<!-- END REVOLUTION SLIDER -->\n\n<h2>\n\t\tCHAMAREL Saint Clair\n\t<\/h2>\n<h3>\n\t\tVotre duplex vue sur mer sur les hauts de Saint Clair\n\t<\/h3>\n\t<p>Notre famille vous accueille \u00e0 <strong>Chamarel St Clair<\/strong> avec un duplex nich\u00e9 sur les hauteurs de ce hameau de la commune du<strong> Lavandou<\/strong>.<\/p>\n<p>Venez profiter d&rsquo;un s\u00e9jour dans une r\u00e9sidence calme et fleurie avec une superbe vue mer, la <strong>plage de St Clair<\/strong>, les <strong>\u00eeles d&rsquo;Or<\/strong> et le <strong>massif des Maures<\/strong>.<\/p>\n<p>Situ\u00e9 \u00e0 1 km de la plage et 4 km du centre-ville du Lavandou, la voiture est fortement recommand\u00e9e.<\/p>\n<p>Nous avons h\u00e2te de vous rencontrer !<\/p>\n<p>Nous avons m\u00eal\u00e9 nos pr\u00e9noms pour obtenir un nom de lieu chantant, \u00e9vocateur de couleurs et de d\u00e9paysement\u00a0:<\/p>\n<p>CHArlotte \u2013 MAxime \u2013 MaRine \u2013 ELiott = CHAMAREL<\/p>\n\t\t\t\t<img loading=\"lazy\" decoding=\"async\" src=\"https:\/\/clooziweb.com\/chamarel-st-clair\/wp-content\/uploads\/sites\/80\/2020\/07\/IMG_0025.jpg\" alt=\"IMG_0025\" height=\"480\" width=\"640\" title=\"IMG_0025\" \/>\n\t\t\t\t<img loading=\"lazy\" decoding=\"async\" src=\"https:\/\/clooziweb.com\/chamarel-st-clair\/wp-content\/uploads\/sites\/80\/2020\/07\/le-lavandou-vue-village.jpg\" alt=\"le-lavandou-vue-village\" height=\"800\" width=\"1200\" title=\"le-lavandou-vue-village\" \/>\n<h3>\n\t\tD\u00e9couvrez ou red\u00e9couvrez le Lavandou.\n\t<\/h3>\n\t<p><strong>Chamarel Saint Clair<\/strong> se situe sur la commune du Lavandou, nomm\u00e9e \u00e9galement <em>\u00ab\u00a0La Cit\u00e9 des Dauphins\u00a0\u00bb<\/em>. Le Lavandou b\u00e9n\u00e9ficie d\u2019un climat doux et temp\u00e9r\u00e9, d\u2019\u00e9t\u00e9s secs et chauds.<\/p>\n<p><strong>C\u00f4t\u00e9 Mer<\/strong>, l\u2019authentique village de p\u00eacheurs se situe sur les bords de la M\u00e9diterran\u00e9e. Face aux\u00a0<em>Iles du Levant et de Port-Cros<\/em>, Le Lavandou s\u2019\u00e9tire sur\u00a0<em>12 km de littoral avec 12 magnifiques plages de sable fin<\/em>, de granulom\u00e9trie et de couleurs diff\u00e9rentes.<\/p>\n<p><strong>C\u00f4t\u00e9 Terre<\/strong>, Le Lavandou est nich\u00e9 au pied du\u00a0<em>Massif des Maures<\/em>. Vous trouverez une v\u00e9g\u00e9tation m\u00e9diterran\u00e9enne luxuriante et un environnement prot\u00e9g\u00e9.<\/p>\n<h2>\n\t\tUn duplex tout  confort\n\t<\/h2>\n\t<p>Votre duplex dispose de tout le confort pour passer d&rsquo;excellentes vacances : n\u00e9cessaire de cuisine pour pr\u00e9parer vos petits plats,\u00a0 transat, salon de jardin de qualit\u00e9, et surtout une vue \u00e0 couper le souffle !<\/p>\n<p>La terrasse est orient\u00e9e sud ouest : profitez des couchers de soleils sur la mer en d\u00eenant confortablement !<\/p>\n<p>&nbsp;<\/p>\n<p>Notre coup de coeur : l&rsquo;ouverture des volets le matin sur la colline aux senteurs de garrigue. Si vous \u00eates attentifs, vous apercevrez les ch\u00e8vres sauvages en face dans la montagne !<\/p>\n<p>&nbsp;<\/p>\n<p>Le calme des hauteurs et la mer \u00e0 perte de vue.<\/p>\n\t\t\t\t<img loading=\"lazy\" decoding=\"async\" src=\"https:\/\/clooziweb.com\/chamarel-st-clair\/wp-content\/uploads\/sites\/80\/2020\/07\/IMG_0010.jpg\" alt=\"IMG_0010\" height=\"480\" width=\"640\" title=\"IMG_0010\" \/>\n\t<p>Lit double<\/p>\n\tCapacit\u00e9 d&rsquo;accueil<br \/>\n2 personnes\n\tClimatisation<br \/>\ndans la chambre\n\t<p>Animaux accept\u00e9s<\/p>\n\t\t\t<a href=\"https:\/\/clooziweb.com\/chamarel-st-clair\/produit\/chamarel\/\" target=\"_self\" role=\"button\" rel=\"noopener\">\n\t\t\t\t\t\t\tEN SAVOIR PLUS\n\t\t<\/a>\n<h2>\n\t\tR\u00e9servez maintenant !\n\t<\/h2>\n<h3>\n\t<\/h3>\n\t\t\t\t<img loading=\"lazy\" decoding=\"async\" src=\"https:\/\/clooziweb.com\/chamarel-st-clair\/wp-content\/uploads\/sites\/80\/2020\/07\/IMG_0016.jpg\" alt=\"IMG_0016\" height=\"480\" width=\"640\" title=\"IMG_0016\" \/>\n\t\t\t\t<img loading=\"lazy\" decoding=\"async\" src=\"https:\/\/clooziweb.com\/chamarel-st-clair\/wp-content\/uploads\/sites\/80\/2021\/03\/Chambre-14.jpg\" alt=\"Chambre 14\" height=\"480\" width=\"640\" title=\"Chambre 14\" \/>\n\t\t\t<a href=\"https:\/\/clooziweb.com\/chamarel-st-clair\/produit\/chamarel-saint-clair\/\" target=\"_self\" role=\"button\" rel=\"noopener\">\n\t\t\t\t\t\t\tR\u00c9SERVER\n\t\t<\/a>\n","protected":false},"excerpt":{"rendered":"<p>CHAMAREL Saint Clair Votre duplex vue sur mer sur les hauts de Saint Clair Notre famille vous accueille \u00e0 Chamarel St Clair avec un duplex nich\u00e9 sur les hauteurs de ce hameau de la commune du Lavandou. Venez profiter d&rsquo;un s\u00e9jour dans une r\u00e9sidence calme et fleurie avec une superbe vue mer, la plage de&hellip;<\/p>\n","protected":false},"author":753,"featured_media":0,"parent":0,"menu_order":0,"comment_status":"closed","ping_status":"closed","template":"","meta":{"footnotes":""},"class_list":["post-4","page","type-page","status-publish","hentry"],"_links":{"self":[{"href":"https:\/\/cloozi.com\/chamarel-st-clair\/wp-json\/wp\/v2\/pages\/4","targetHints":{"allow":["GET"]}}],"collection":[{"href":"https:\/\/cloozi.com\/chamarel-st-clair\/wp-json\/wp\/v2\/pages"}],"about":[{"href":"https:\/\/cloozi.com\/chamarel-st-clair\/wp-json\/wp\/v2\/types\/page"}],"author":[{"embeddable":true,"href":"https:\/\/cloozi.com\/chamarel-st-clair\/wp-json\/wp\/v2\/users\/753"}],"replies":[{"embeddable":true,"href":"https:\/\/cloozi.com\/chamarel-st-clair\/wp-json\/wp\/v2\/comments?post=4"}],"version-history":[{"count":34,"href":"https:\/\/cloozi.com\/chamarel-st-clair\/wp-json\/wp\/v2\/pages\/4\/revisions"}],"predecessor-version":[{"id":388,"href":"https:\/\/cloozi.com\/chamarel-st-clair\/wp-json\/wp\/v2\/pages\/4\/revisions\/388"}],"wp:attachment":[{"href":"https:\/\/cloozi.com\/chamarel-st-clair\/wp-json\/wp\/v2\/media?parent=4"}],"curies":[{"name":"wp","href":"https:\/\/api.w.org\/{rel}","templated":true}]}}