{"id":271,"date":"2020-07-21T14:51:49","date_gmt":"2020-07-21T12:51:49","guid":{"rendered":"https:\/\/clooziweb.com\/chamarel-st-clair\/?post_type=product&#038;p=271"},"modified":"2022-01-30T19:08:30","modified_gmt":"2022-01-30T18:08:30","slug":"chamarel-saint-clair","status":"publish","type":"product","link":"https:\/\/cloozi.com\/chamarel-st-clair\/produit\/chamarel-saint-clair\/","title":{"rendered":"Chamarel Saint Clair"},"content":{"rendered":"<p>Bel appartement class\u00e9 3 \u00e9toiles par l&rsquo;Office de Tourisme du Lavandou, de type Mazet, au 1er et dernier \u00e9tage. L&rsquo;entr\u00e9e se fait par le RDC.<br \/>\n<strong>Composition :<\/strong><br \/>\n&#8211; une entr\u00e9e avec placards et penderie sous l&rsquo;escalier,<br \/>\n&#8211; un s\u00e9jour ouvrant sur terrasse avec un canap\u00e9 (t\u00e9l\u00e9viseur)<br \/>\n&#8211; un coin cuisine \u00e9quip\u00e9 de 2 plaques induction avec hotte aspirante, un four, un r\u00e9frig\u00e9rateur, un lave-linge, un micro-ondes, un ilot de cuisine<br \/>\n&#8211; une chambre en mezzanine avec lit double, commode et placards de rangement<br \/>\n&#8211; une salle d&rsquo;eau avec douche, s\u00e8che-serviettes et toilettes<br \/>\n&#8211; une terrasse sud sud-ouest avec salon de jardin en bois et une vue imprenable sur les couchers de soleil et les feux d&rsquo;artifices !<br \/>\n<strong><br \/>\nCapacit\u00e9\u00a0:<\/strong> 2 personnes.<br \/>\nLes animaux ne sont plus accept\u00e9s.<br \/>\nNon-fumeur en int\u00e9rieur \u2013 possible en ext\u00e9rieur.<\/p>\n<p><strong>Horaires et accueil\u00a0:<\/strong><br \/>\nArriv\u00e9es : \u00e0 partir de 14h<br \/>\nD\u00e9parts : 11h au plus tard<br \/>\nArriv\u00e9e autonome possible avec bo\u00eete \u00e0 cl\u00e9s pr\u00e8s de la porte d\u2019entr\u00e9e.<br \/>\nHabitants \u00e0 Bormes les Mimosas, nous sommes sur place pour vous accueillir. Toutefois, nous avons mis \u00e0 votre disposition une bo\u00eete \u00e0 cl\u00e9s cod\u00e9e qui vous permet d&rsquo;arriver \u00e0 votre convenance si vos horaires sont dans la nuit. Le code vous sera communiqu\u00e9 quelques jours avant votre arriv\u00e9e si l&rsquo;horaire ne nous permet pas de vous accueillir en personne.<\/p>\n<p>Nous sommes l\u00e0 pour vous conseiller sur les activit\u00e9s de la r\u00e9gion.<\/p>\n<p><strong>Equipements\u00a0:<\/strong><br \/>\nClimatisation r\u00e9versible dans la chambre<br \/>\nExtincteur<br \/>\nTrousse premiers secours<br \/>\nD\u00e9tecteur de fum\u00e9e<br \/>\nIndicateur de temp\u00e9rature dans la douche<br \/>\nFer \u00e0 repasser<br \/>\nS\u00e8che-cheveux<br \/>\nS\u00e8che-serviettes<\/p>\n<p><strong>Autres services compris\u00a0:<\/strong><br \/>\nOreillers et couvertures suppl\u00e9mentaires<br \/>\nGel douche \/ shampooing<br \/>\nDes produits de base sont \u00e0 votre disposition \u00e0 votre arriv\u00e9e et <strong>doivent \u00eatre renouvel\u00e9s<\/strong> avant votre d\u00e9part pour les visiteurs qui vous suivront\u00a0: papier toilette, savon, sucre, th\u00e9, etc.<\/p>\n<p>Caution\u00a0: 500 \u20ac<br \/>\nFrais de m\u00e9nage\u00a0(poussi\u00e8res, sols, salles d\u2019eau)\u00a0: 60 \u20ac NON OPTIONNEL<br \/>\nTaxe de s\u00e9jour\u00a0: selon les obligations locales en vigueur, nous collectons la taxe de s\u00e9jour<\/p>\n","protected":false},"excerpt":{"rendered":"<p>Duplex 3 \u00e9toiles : vue sur mer, tout confort, situ\u00e9 sur les hauts de Saint Clair dans le Lavandou.<\/p>\n","protected":false},"featured_media":417,"comment_status":"open","ping_status":"closed","template":"","meta":[],"product_cat":[23],"product_tag":[],"class_list":["post-271","product","type-product","status-publish","has-post-thumbnail","hentry","product_cat-classe-3-etoiles-2"],"_links":{"self":[{"href":"https:\/\/cloozi.com\/chamarel-st-clair\/wp-json\/wp\/v2\/product\/271","targetHints":{"allow":["GET"]}}],"collection":[{"href":"https:\/\/cloozi.com\/chamarel-st-clair\/wp-json\/wp\/v2\/product"}],"about":[{"href":"https:\/\/cloozi.com\/chamarel-st-clair\/wp-json\/wp\/v2\/types\/product"}],"replies":[{"embeddable":true,"href":"https:\/\/cloozi.com\/chamarel-st-clair\/wp-json\/wp\/v2\/comments?post=271"}],"wp:featuredmedia":[{"embeddable":true,"href":"https:\/\/cloozi.com\/chamarel-st-clair\/wp-json\/wp\/v2\/media\/417"}],"wp:attachment":[{"href":"https:\/\/cloozi.com\/chamarel-st-clair\/wp-json\/wp\/v2\/media?parent=271"}],"wp:term":[{"taxonomy":"product_cat","embeddable":true,"href":"https:\/\/cloozi.com\/chamarel-st-clair\/wp-json\/wp\/v2\/product_cat?post=271"},{"taxonomy":"product_tag","embeddable":true,"href":"https:\/\/cloozi.com\/chamarel-st-clair\/wp-json\/wp\/v2\/product_tag?post=271"}],"curies":[{"name":"wp","href":"https:\/\/api.w.org\/{rel}","templated":true}]}}