{"id":4,"date":"2020-06-09T14:59:49","date_gmt":"2020-06-09T12:59:49","guid":{"rendered":"https:\/\/clooziweb.com\/chamarel\/?page_id=4"},"modified":"2022-01-30T19:25:36","modified_gmt":"2022-01-30T18:25:36","slug":"accueil","status":"publish","type":"page","link":"https:\/\/cloozi.com\/chamarel\/","title":{"rendered":"Accueil"},"content":{"rendered":"\n\n\t\n\t\t\t<!-- START Slider 1 REVOLUTION SLIDER 6.6.8 --><p class=\"rs-p-wp-fix\"><\/p>\n\t\t\t<rs-module-wrap id=\"rev_slider_1_1_wrapper\" data-source=\"gallery\" style=\"visibility:hidden;background:transparent;padding:0;margin:0px auto;margin-top:0;margin-bottom:0;\">\n\t\t\t\t<rs-module id=\"rev_slider_1_1\" style=\"\" data-version=\"6.6.8\">\n\t\t\t\t\t<rs-slides style=\"overflow: hidden; position: absolute;\">\n\t\t\t\t\t\t<rs-slide style=\"position: absolute;\" data-key=\"rs-3\" data-title=\"Slide\" data-thumb=\"\/\/clooziweb.com\/chamarel\/wp-content\/uploads\/sites\/79\/2020\/06\/Villa-chamarel_Poster-VF.jpg\" data-anim=\"adpr:false;\" data-in=\"o:0;\" data-out=\"a:false;\">\n\t\t\t\t\t\t\t<img decoding=\"async\" src=\"\/\/cloozi.com\/chamarel\/wp-content\/plugins\/revslider\/public\/assets\/assets\/dummy.png\" alt=\"\" title=\"villa chamarel.cdr\" width=\"1181\" height=\"856\" class=\"rev-slidebg tp-rs-img rs-lazyload\" data-lazyload=\"\/\/clooziweb.com\/chamarel\/wp-content\/uploads\/sites\/79\/2020\/06\/Villa-chamarel_Poster-VF.jpg\" data-no-retina>\n<!---->\t\t\t\t\t\t<\/rs-slide>\n\t\t\t\t\t\t<rs-slide style=\"position: absolute;\" data-key=\"rs-1\" data-title=\"Slide\" data-thumb=\"\/\/clooziweb.com\/chamarel\/wp-content\/uploads\/sites\/79\/2020\/06\/Maison-chamarel-bormes-les-mimosas.jpg\" data-anim=\"ms:1000;r:0;\" data-in=\"o:0;\" data-out=\"a:false;\">\n\t\t\t\t\t\t\t<img decoding=\"async\" src=\"\/\/cloozi.com\/chamarel\/wp-content\/plugins\/revslider\/public\/assets\/assets\/dummy.png\" alt=\"\" title=\"Maison-chamarel-bormes-les-mimosas\" width=\"2000\" height=\"1333\" class=\"rev-slidebg tp-rs-img rs-lazyload\" data-lazyload=\"\/\/clooziweb.com\/chamarel\/wp-content\/uploads\/sites\/79\/2020\/06\/Maison-chamarel-bormes-les-mimosas.jpg\" data-no-retina>\n<!---->\t\t\t\t\t\t<\/rs-slide>\n\t\t\t\t\t\t<rs-slide style=\"position: absolute;\" data-key=\"rs-4\" data-title=\"Slide\" data-thumb=\"\/\/clooziweb.com\/chamarel\/wp-content\/uploads\/sites\/79\/2020\/06\/bed-and-breakfast-provence-lavandou.jpg\" data-anim=\"adpr:false;\" data-in=\"o:0;\" data-out=\"a:false;\">\n\t\t\t\t\t\t\t<img decoding=\"async\" src=\"\/\/cloozi.com\/chamarel\/wp-content\/plugins\/revslider\/public\/assets\/assets\/dummy.png\" alt=\"\" title=\"bed-and-breakfast-provence-lavandou\" width=\"2048\" height=\"1536\" class=\"rev-slidebg tp-rs-img rs-lazyload\" data-lazyload=\"\/\/clooziweb.com\/chamarel\/wp-content\/uploads\/sites\/79\/2020\/06\/bed-and-breakfast-provence-lavandou.jpg\" data-no-retina>\n<!---->\t\t\t\t\t\t<\/rs-slide>\n\t\t\t\t\t<\/rs-slides>\n\t\t\t\t<\/rs-module>\n\t\t\t\t<script>\n\t\t\t\t\tsetREVStartSize({c: 'rev_slider_1_1',rl:[1240,1024,778,480],el:[900],gw:[1240],gh:[900],type:'standard',justify:'',layout:'fullwidth',mh:\"0\"});if (window.RS_MODULES!==undefined && window.RS_MODULES.modules!==undefined && window.RS_MODULES.modules[\"revslider11\"]!==undefined) {window.RS_MODULES.modules[\"revslider11\"].once = false;window.revapi1 = undefined;if (window.RS_MODULES.checkMinimal!==undefined) window.RS_MODULES.checkMinimal()}\n\t\t\t\t<\/script>\n\t\t\t<\/rs-module-wrap>\n\t\t\t<!-- END REVOLUTION SLIDER -->\n\n<h2>\n\t\tCHAMAREL BORMES\n\t<\/h2>\n<h3>\n\t\tVotre B&amp;B \u00e0 Bormes les Mimosas\n\t<\/h3>\n\t<p>Nous avons m\u00eal\u00e9 nos pr\u00e9noms pour obtenir un nom de lieu chantant, \u00e9vocateur de couleurs et de d\u00e9paysement\u00a0:<\/p>\n<p><strong>CHA<\/strong>rlotte &#8211; <strong>MA<\/strong>xime &#8211; Ma<strong>R<\/strong>ine &#8211; <strong>EL<\/strong>iott = CHAMAREL<\/p>\n<p>Notre famille vous accueille \u00e0 Chamarel avec une <strong>suite priv\u00e9e<\/strong> dans un Domaine recherch\u00e9 de Bormes les Mimosas. Compos\u00e9e d&rsquo;une chambre (lit king size), d&rsquo;un salon (canap\u00e9 convertible) avec coin repas (table, chaises, mini bar) et d&rsquo;une salle d&rsquo;eau privative, elle offre une jolie vue sur les collines verdoyantes et l&rsquo;\u00eele du Levant. <\/p>\n<p>Un copieux petit-d\u00e9jeuner sucr\u00e9 ou sal\u00e9 est offert.<\/p>\n<p>Profitez \u00e9galement de la piscine, du jardin et des terrasses, partag\u00e9s avec nous.<\/p>\n<p>Nous avons h\u00e2te de vous rencontrer !<\/p>\n<p>NB : 3 chats vivent ici, Jack, Plume et Rouky. Vous croiserez furtivement Jack si vous avez de la chance ; Plume et Rouky sont tr\u00e8s friands de caresses et de beurre du matin ! \ud83d\ude42<\/p>\n\t\t\t\t<img loading=\"lazy\" decoding=\"async\" src=\"https:\/\/clooziweb.com\/chamarel\/wp-content\/uploads\/sites\/79\/2020\/06\/Chamarel-provence-piscine-detente-sud-Cote-azur-bormes-mimosas-var-saint-tropez-chambre-hote-gite-campagne-montagne-mer.jpg\" alt=\"Chamarel-provence-piscine-detente-sud-Cote-azur-bormes-mimosas-var-saint-tropez-chambre-hote-gite-campagne-montagne-mer\" height=\"599\" width=\"800\" title=\"Chamarel-provence-piscine-detente-sud-Cote-azur-bormes-mimosas-var-saint-tropez-chambre-hote-gite-campagne-montagne-mer\" \/>\n\t\t\t\t<img loading=\"lazy\" decoding=\"async\" src=\"https:\/\/clooziweb.com\/chamarel\/wp-content\/uploads\/sites\/79\/2020\/06\/le-village-de-bormes.jpg\" alt=\"le-village-de-bormes\" height=\"326\" width=\"550\" title=\"le-village-de-bormes\" \/>\n<h3>\n\t\tD\u00e9couvrez ou red\u00e9couvrez ce magnifique village de Provence\n\t<\/h3>\n\t<p><strong>Chamarel<\/strong> vous accueille dans l&rsquo;un des plus beaux village de France.<\/p>\n<p>Nich\u00e9e au creux du massif des Maures, le regard tourn\u00e9 vers la M\u00e9diterran\u00e9e, Bormes les Mimosas se d\u00e9voile en douceur telle une v\u00e9ritable perle dans un \u00e9crin de verdure. Bormes les Mimosas fait partie des communes les plus \u00e9tendues du d\u00e9partement du Var. La commune se caract\u00e9rise par un environnement prot\u00e9g\u00e9 qui laisse la part belle \u00e0 une nature d&rsquo;exception. La for\u00eat m\u00e9diterran\u00e9enne, des vignobles r\u00e9put\u00e9s, un littoral pr\u00e9serv\u00e9 et une riche plaine alluviale font de la commune un lieu unique alliant dynamisme et douceur de vivre.<\/p>\n<h2>\n\t\tPosez vos valises et profitez !\n\t<\/h2>\n\t<p>Votre suite priv\u00e9e ind\u00e9pendante dispose de tout le confort n\u00e9cessaire pour passer de super vacances.<\/p>\n<p>Nous mettons un soin tout particulier dans la pr\u00e9paration de votre arriv\u00e9e pour faire de votre s\u00e9jour une escale tr\u00e8s agr\u00e9able : linge et produits de toilette, caf\u00e9\/th\u00e9\/chocolat chaud en libre service, accessoires de toilette, ambiance cosy, mini bar pour garder vos achats au frais.<\/p>\n\t<ul>\n<li>Lit king size<\/li>\n<li>Canap\u00e9<\/li>\n<\/ul>\n\tCapacit\u00e9 d&rsquo;accueil<br \/>\n2 personnes\n\t<p>\u00c9quipement b\u00e9b\u00e9 disponible en sus<\/p>\n\t<p>Salle de bain et WC privatifs<\/p>\n\t\t\t<a href=\"https:\/\/clooziweb.com\/chamarel\/produit\/chamarel\/\" target=\"_self\" role=\"button\" aria-label=\"EN SAVOIR PLUS\" rel=\"noopener\">\n\t\t\t\t\t\t\tEN SAVOIR PLUS\n\t\t<\/a>\n\t\t\t\t<img loading=\"lazy\" decoding=\"async\" src=\"https:\/\/clooziweb.com\/chamarel\/wp-content\/uploads\/sites\/79\/2020\/06\/Chamarel-Cote-azur-bormes-mimosas-var-saint-tropez-chambre-hote-gite-campagne-fort-bregancon.jpg\" alt=\"Chamarel-Cote-azur-bormes-mimosas-var-saint-tropez-chambre-hote-gite-campagne-fort-bregancon\" height=\"1306\" width=\"800\" title=\"Chamarel-Cote-azur-bormes-mimosas-var-saint-tropez-chambre-hote-gite-campagne-fort-bregancon\" \/>\n<h2>\n\t\tNos Services\n\t<\/h2>\n\t<p>Nous proposons de nombreux am\u00e9nagements ext\u00e9rieurs tel que terrasses avec transats, parasols, salons de jardin, cuisine d&rsquo;\u00e9t\u00e9 avec petit r\u00e9frig\u00e9rateur, douche ext\u00e9rieure.<\/p>\n<p>Vous pourrez aussi profiter de la piscine et vous d\u00e9tendre pr\u00e8s des mares \u00e0 poissons.<\/p>\n\t\t\t<a href=\"https:\/\/clooziweb.com\/chamarel\/services\/\" target=\"_self\" role=\"button\" aria-label=\"EN SAVOIR PLUS\" rel=\"noopener\">\n\t\t\t\t\t\t\tEN SAVOIR PLUS\n\t\t<\/a>\n<h2>\n\t\tR\u00e9servez maintenant !\n\t<\/h2>\n<h3>\n\t<\/h3>\n\t\t\t\t<img loading=\"lazy\" decoding=\"async\" src=\"https:\/\/clooziweb.com\/chamarel\/wp-content\/uploads\/sites\/79\/2021\/05\/Plume-sur-plaque.jpg\" alt=\"Plume sur plaque\" height=\"1600\" width=\"1200\" title=\"Plume sur plaque\" \/>\n\t\t\t\t<img loading=\"lazy\" decoding=\"async\" src=\"https:\/\/clooziweb.com\/chamarel\/wp-content\/uploads\/sites\/79\/2020\/06\/Chamarel-salon-cocooning-maison-location-vacance-azur-bormes-mimosas-var-saint-tropez-chambre-hote-gite-campagne-montagne-mer.jpg\" alt=\"Chamarel-salon-cocooning-maison-location-vacance-azur-bormes-mimosas-var-saint-tropez-chambre-hote-gite-campagne-montagne-mer\" height=\"600\" width=\"800\" title=\"Chamarel-salon-cocooning-maison-location-vacance-azur-bormes-mimosas-var-saint-tropez-chambre-hote-gite-campagne-montagne-mer\" \/>\n\t\t\t<a href=\"https:\/\/clooziweb.com\/chamarel\/produit\/chamarel\/\" target=\"_self\" role=\"button\" aria-label=\"R\u00c9SERVER\" rel=\"noopener\">\n\t\t\t\t\t\t\tR\u00c9SERVER\n\t\t<\/a>\n\n","protected":false},"excerpt":{"rendered":"<p>CHAMAREL BORMES Votre B&amp;B \u00e0 Bormes les Mimosas Nous avons m\u00eal\u00e9 nos pr\u00e9noms pour obtenir un nom de lieu chantant, \u00e9vocateur de couleurs et de d\u00e9paysement\u00a0: CHArlotte &#8211; MAxime &#8211; MaRine &#8211; ELiott = CHAMAREL Notre famille vous accueille \u00e0 Chamarel avec une suite priv\u00e9e dans un Domaine recherch\u00e9 de Bormes les Mimosas. Compos\u00e9e d&rsquo;une&hellip;<\/p>\n","protected":false},"author":753,"featured_media":0,"parent":0,"menu_order":0,"comment_status":"closed","ping_status":"closed","template":"","meta":{"footnotes":""},"class_list":["post-4","page","type-page","status-publish","hentry"],"_links":{"self":[{"href":"https:\/\/cloozi.com\/chamarel\/wp-json\/wp\/v2\/pages\/4","targetHints":{"allow":["GET"]}}],"collection":[{"href":"https:\/\/cloozi.com\/chamarel\/wp-json\/wp\/v2\/pages"}],"about":[{"href":"https:\/\/cloozi.com\/chamarel\/wp-json\/wp\/v2\/types\/page"}],"author":[{"embeddable":true,"href":"https:\/\/cloozi.com\/chamarel\/wp-json\/wp\/v2\/users\/753"}],"replies":[{"embeddable":true,"href":"https:\/\/cloozi.com\/chamarel\/wp-json\/wp\/v2\/comments?post=4"}],"version-history":[{"count":32,"href":"https:\/\/cloozi.com\/chamarel\/wp-json\/wp\/v2\/pages\/4\/revisions"}],"predecessor-version":[{"id":398,"href":"https:\/\/cloozi.com\/chamarel\/wp-json\/wp\/v2\/pages\/4\/revisions\/398"}],"wp:attachment":[{"href":"https:\/\/cloozi.com\/chamarel\/wp-json\/wp\/v2\/media?parent=4"}],"curies":[{"name":"wp","href":"https:\/\/api.w.org\/{rel}","templated":true}]}}