{"id":126,"date":"2020-06-12T10:46:46","date_gmt":"2020-06-12T08:46:46","guid":{"rendered":"https:\/\/clooziweb.com\/chamarel\/?post_type=product&#038;p=126"},"modified":"2022-08-31T08:45:24","modified_gmt":"2022-08-31T06:45:24","slug":"chamarel","status":"publish","type":"product","link":"https:\/\/cloozi.com\/chamarel\/produit\/chamarel\/","title":{"rendered":"Chamarel Bormes"},"content":{"rendered":"<p>Notre maison est habit\u00e9e au rdc par notre famille. Elle pr\u00e9sente \u00e0 l\u2019\u00e9tage une suite ind\u00e9pendante compos\u00e9e d\u2019une chambre + salle d\u2019eau\/WC privatifs + s\u00e9jour avec canap\u00e9 convertible et coin repas + acc\u00e8s jardin, terrasses et piscine.<\/p>\n<p><strong>Capacit\u00e9\u00a0<\/strong>:<\/p>\n<p>2 personnes id\u00e9alement.<br \/>\n2 adultes + 1 \u00e0 2 petits enfants (enfants dans canap\u00e9 convertible) mais serr\u00e9.<br \/>\nAu-del\u00e0 de 2 voyageurs, 45 \u20ac par personne (enfant ou adulte) et par nuit en basse saison.<br \/>\nAutre saison : nous consulter.<br \/>\nAnimaux non accept\u00e9s car nous avons d\u00e9j\u00e0 3 chats ici \ud83d\ude0a !<br \/>\nNon-fumeur en int\u00e9rieur \u2013 possible en ext\u00e9rieur<br \/>\nPas de f\u00eates ni de soir\u00e9e\u00a0: des jumeaux en bas \u00e2ge habitent ici\u00a0!&#8230;<br \/>\nEquipement b\u00e9b\u00e9 en sus (lit parapluie, linge de lit, baignoire, coussin \u00e0 langer)<\/p>\n<p><strong>Horaires\u00a0:<\/strong><br \/>\nArriv\u00e9es : apr\u00e8s 15h<br \/>\nD\u00e9parts : 12h<br \/>\nArriv\u00e9e autonome possible avec bo\u00eete \u00e0 cl\u00e9s pr\u00e8s de la porte d\u2019entr\u00e9e.<\/p>\n<p><strong>Composition\u00a0:<\/strong><br \/>\nChambre\u00a0: lit king size + TV + lecteur DVD + commode + penderie + linge de lit<br \/>\nS\u00e9jour\u00a0: canap\u00e9 convertible avec linge de lit + hifi + coin repas + lavabo + mini r\u00e9frig\u00e9rateur + tisani\u00e8re (th\u00e9, caf\u00e9, chocolat) + produits de toilette (dentifrice + savon liquide + cotons &amp; cotons tiges\u2026)<br \/>\nSalle d\u2019eau \/ WC\u00a0: linge de toilette + gel douche \/ shampooing + papier WC<\/p>\n<p><strong>Equipements\u00a0:<\/strong><br \/>\nWifi guest \u00e0 l\u2019\u00e9tage<br \/>\nClimatisations r\u00e9versibles dans salon et chambre<br \/>\nExtincteur<br \/>\nD\u00e9tecteur de fum\u00e9e<br \/>\nIndicateur de temp\u00e9rature dans la douche<br \/>\nFer \u00e0 repasser<br \/>\nS\u00e8che-cheveux<\/p>\n<p><strong>Autres services compris\u00a0<\/strong>:<br \/>\nParking gratuit dans la rue \u2013 impasse priv\u00e9e<br \/>\nOreillers et couvertures suppl\u00e9mentaires<\/p>\n<p><strong>Accessibilit\u00e9\u00a0:<\/strong><br \/>\nUn escalier ext\u00e9rieur en pierres m\u00e8ne \u00e0 la suite qui occupe l\u2019\u00e9tage de notre maison.<\/p>\n<p class=\"p1\"><strong><span class=\"s1\">Caution\u00a0: 300 \u20ac<\/span><\/strong><\/p>\n<p class=\"p1\"><span class=\"s1\"><strong>Taxe de s\u00e9jour\u00a0:<\/strong> selon les obligations locales en vigueur, nous collectons la taxe de s\u00e9jour<\/span><\/p>\n","protected":false},"excerpt":{"rendered":"<p>Notre maison est habit\u00e9e au rdc par notre famille. Elle pr\u00e9sente \u00e0 l\u2019\u00e9tage une suite ind\u00e9pendante compos\u00e9e d\u2019une chambre + salle d\u2019eau\/WC privatifs + s\u00e9jour avec canap\u00e9 convertible et coin repas + acc\u00e8s jardin, terrasses et piscine. Capacit\u00e9\u00a0: 2 personnes id\u00e9alement. 2 adultes + 1 \u00e0 2 petits enfants (enfants dans canap\u00e9 convertible) mais serr\u00e9.&hellip;<\/p>\n","protected":false},"featured_media":108,"comment_status":"open","ping_status":"closed","template":"","meta":[],"product_cat":[18],"product_tag":[],"class_list":["post-126","product","type-product","status-publish","has-post-thumbnail","hentry","product_cat-bed-breakfast"],"_links":{"self":[{"href":"https:\/\/cloozi.com\/chamarel\/wp-json\/wp\/v2\/product\/126","targetHints":{"allow":["GET"]}}],"collection":[{"href":"https:\/\/cloozi.com\/chamarel\/wp-json\/wp\/v2\/product"}],"about":[{"href":"https:\/\/cloozi.com\/chamarel\/wp-json\/wp\/v2\/types\/product"}],"replies":[{"embeddable":true,"href":"https:\/\/cloozi.com\/chamarel\/wp-json\/wp\/v2\/comments?post=126"}],"wp:featuredmedia":[{"embeddable":true,"href":"https:\/\/cloozi.com\/chamarel\/wp-json\/wp\/v2\/media\/108"}],"wp:attachment":[{"href":"https:\/\/cloozi.com\/chamarel\/wp-json\/wp\/v2\/media?parent=126"}],"wp:term":[{"taxonomy":"product_cat","embeddable":true,"href":"https:\/\/cloozi.com\/chamarel\/wp-json\/wp\/v2\/product_cat?post=126"},{"taxonomy":"product_tag","embeddable":true,"href":"https:\/\/cloozi.com\/chamarel\/wp-json\/wp\/v2\/product_tag?post=126"}],"curies":[{"name":"wp","href":"https:\/\/api.w.org\/{rel}","templated":true}]}}