{"id":9,"date":"2018-07-18T17:41:10","date_gmt":"2018-07-18T15:41:10","guid":{"rendered":"https:\/\/clooziweb.com\/seanaps\/?page_id=9"},"modified":"2019-11-15T12:28:59","modified_gmt":"2019-11-15T11:28:59","slug":"seanaps","status":"publish","type":"page","link":"https:\/\/cloozi.com\/cloozi-doubleshop\/","title":{"rendered":"Cloozi"},"content":{"rendered":"\n\t\t\t<img decoding=\"async\" src=\"\/app\/uploads\/sites\/62\/2018\/09\/terre_maison-1.jpg\" alt=\"\" \/>\t\t\t\n\t\t\t\t<h2>Design sonore<\/h2>\t\t\t\n\t\t\t<img decoding=\"async\" src=\"\/app\/uploads\/sites\/62\/2018\/09\/nautisme_voiliers-1.jpg\" alt=\"\" \/>\t\t\t\n\t\t\t\t<h2>Fili\u00e8re nautique<\/h2>\t\t\t\n\t\t\t<img decoding=\"async\" src=\"\/app\/uploads\/sites\/62\/2018\/09\/naval_yacht-1.jpg\" alt=\"\" \/>\t\t\t\n\t\t\t\t<h2>Fili\u00e8re navale<\/h2>\t\t\t\n\t\t\t<img decoding=\"async\" src=\"\/app\/uploads\/sites\/62\/2018\/09\/index_chambre-1.jpg\" alt=\"\" \/>\t\t\t\n\t\t\t\t<h2>Fili\u00e8re agencement<\/h2>\t\t\t\n\t\t\t<img decoding=\"async\" src=\"\/app\/uploads\/sites\/62\/2018\/09\/innovation_tableau.jpg\" alt=\"\" \/>\t\t\t\n\t\t\t\t<h2>Innovation<\/h2>\t\t\t\n<h2><!--\n\t--><!--\t--><!--\t\n\t-->\n<\/h2>\n\t\t\t<a href=\"https:\/\/clooziweb.com\/cloozi-doubleshop\/boutique\/\" target=\"_self\" role=\"button\" rel=\"noopener noreferrer\">\n\t\t\t\t\t\t\tNos produits\n\t\t\t\t\t<\/a>\n\t<p>Cloozi vous accompagne tout au long de votre projet. Donec maximus magna vitae mi fermentum sodales. Phasellus in lacus et est ornare lacinia. Maecenas arcu sapien, lacinia vitae condimentum at, bibendum a arcu.<\/p>\n<p>Vivamus vel lectus elementum, accumsan magna non, congue turpis. Sed quis diam quis elit convallis rhoncus. Etiam quis fermentum est. Phasellus a metus vitae ante malesuada dapibus. Duis malesuada eleifend aliquet. Pellentesque nisi mauris, finibus ut tincidunt id, tempus at ipsum. Curabitur nec neque a elit vehicula cursus.<\/p>\n<p>Donec maximus magna vitae mi fermentum sodales,\u00a0porta molestie urna ut maximus. Mauris in consectetur metus. Maecenas dictum consectetur eros, eget euismod tortor mattis id <\/p>\n\t\t\t<a href=\"https:\/\/clooziweb.com\/cloozi-doubleshop\/qui-sommes-nous\/\" target=\"_self\" role=\"button\" rel=\"noopener noreferrer\">\n\t\t\t\t\t\t\tEn savoir plus\n\t\t\t\t\t<\/a>\n<div class=\"woocommerce columns-4 \"><ul class=\"products columns-4\">\n<li class=\"product type-product post-101 status-publish first instock product_cat-agencement_nautisme has-post-thumbnail taxable shipping-taxable product-type-simple\">\n\t<\/li>\n<li class=\"product type-product post-94 status-publish instock product_cat-agencement_nautisme has-post-thumbnail taxable shipping-taxable product-type-simple\">\n\t<\/li>\n<li class=\"product type-product post-89 status-publish instock product_cat-agencement_naval product_cat-agencement_terre has-post-thumbnail taxable shipping-taxable product-type-simple\">\n\t<\/li>\n<li class=\"product type-product post-83 status-publish last instock product_cat-agencement_naval product_cat-agencement_terre has-post-thumbnail taxable shipping-taxable product-type-simple\">\n\t<\/li>\n<\/ul>\n<\/div>\n\t\t\t<a href=\"https:\/\/clooziweb.com\/cloozi-doubleshop\/boutique\/\" target=\"_self\" role=\"button\" rel=\"noopener noreferrer\">\n\t\t\t\t\t\t\tAcc\u00e9der \u00e0 la boutique\n\t\t\t\t\t<\/a>\n\t\t\t\t<img decoding=\"async\" src=\"https:\/\/clooziweb.com\/cloozi-doubleshop\/wp-content\/uploads\/sites\/62\/2019\/06\/logo-ex-2.png\" alt=\"logo-ex-2\" itemprop=\"image\"\/>\n\t\t<h3>Company<\/h3>\t\t\t\n\t\t\t\t<p>Phasellus in lacus et est ornare lacinia.<\/p>\n\t\t\t\t<img decoding=\"async\" src=\"https:\/\/clooziweb.com\/cloozi-doubleshop\/wp-content\/uploads\/sites\/62\/2019\/06\/logo-ex-3.png\" alt=\"logo-ex-3\" itemprop=\"image\"\/>\n\t\t<h3>Fusce<\/h3>\t\t\t\n\t\t\t\t<p>Nunc pharetra, sem a porta consequat.<\/p>\n\t\t\t\t<img decoding=\"async\" src=\"https:\/\/clooziweb.com\/cloozi-doubleshop\/wp-content\/uploads\/sites\/62\/2019\/06\/logo-ex-6.png\" alt=\"logo-ex-6\" itemprop=\"image\"\/>\n\t\t<h3>Aliquam<\/h3>\t\t\t\n\t\t\t\t<p>A congue libero vehicula elementum.<\/p>\n","protected":false},"excerpt":{"rendered":"<p>Design sonore Fili\u00e8re nautique Fili\u00e8re navale Fili\u00e8re agencement Innovation Nos produits Cloozi vous accompagne tout au long de votre projet. Donec maximus magna vitae mi fermentum sodales. Phasellus in lacus et est ornare lacinia. Maecenas arcu sapien, lacinia vitae condimentum at, bibendum a arcu. Vivamus vel lectus elementum, accumsan magna non, congue turpis. Sed quis&hellip;<\/p>\n","protected":false},"author":678,"featured_media":0,"parent":0,"menu_order":0,"comment_status":"closed","ping_status":"closed","template":"","meta":{"footnotes":""},"class_list":["post-9","page","type-page","status-publish","hentry"],"_links":{"self":[{"href":"https:\/\/cloozi.com\/cloozi-doubleshop\/wp-json\/wp\/v2\/pages\/9","targetHints":{"allow":["GET"]}}],"collection":[{"href":"https:\/\/cloozi.com\/cloozi-doubleshop\/wp-json\/wp\/v2\/pages"}],"about":[{"href":"https:\/\/cloozi.com\/cloozi-doubleshop\/wp-json\/wp\/v2\/types\/page"}],"author":[{"embeddable":true,"href":"https:\/\/cloozi.com\/cloozi-doubleshop\/wp-json\/wp\/v2\/users\/678"}],"replies":[{"embeddable":true,"href":"https:\/\/cloozi.com\/cloozi-doubleshop\/wp-json\/wp\/v2\/comments?post=9"}],"version-history":[{"count":7,"href":"https:\/\/cloozi.com\/cloozi-doubleshop\/wp-json\/wp\/v2\/pages\/9\/revisions"}],"predecessor-version":[{"id":637,"href":"https:\/\/cloozi.com\/cloozi-doubleshop\/wp-json\/wp\/v2\/pages\/9\/revisions\/637"}],"wp:attachment":[{"href":"https:\/\/cloozi.com\/cloozi-doubleshop\/wp-json\/wp\/v2\/media?parent=9"}],"curies":[{"name":"wp","href":"https:\/\/api.w.org\/{rel}","templated":true}]}}