{"id":111,"date":"2021-03-16T16:12:18","date_gmt":"2021-03-16T15:12:18","guid":{"rendered":"https:\/\/clooziweb.com\/diane\/?page_id=111"},"modified":"2021-03-17T13:41:48","modified_gmt":"2021-03-17T12:41:48","slug":"formation-3","status":"publish","type":"page","link":"https:\/\/cloozi.com\/diane\/formations\/formation-3\/","title":{"rendered":"Formation 3"},"content":{"rendered":"<h2>\n\t\tFormation 3\n\t<\/h2>\n<h2>\n\t\tFusce eleifend luctus nisi ac gravida\n\t<\/h2>\n<h2>\n\t\tluctus nisi ac gravida\n\t<\/h2>\n<h2>\n\t\tPr\u00e9sentation g\u00e9n\u00e9rale\n\t<\/h2>\n<h3>\n\t\tInitiation AuX comp\u00e9tences\n\t<\/h3>\n<h3>\n\t\tMaecenas malesuada, eros et ultricies commodo\n\t<\/h3>\n\t<p>Ut ac faucibus nibh. Phasellus sed arcu id mauris egestas egestas aliquet vitae urna. Nulla vitae convallis ipsum, quis sodales lacus. Phasellus fermentum felis vel odio suscipit egestas. Suspendisse dignissim sem eu tortor ornare auctor.<\/p>\n<p>Sed a nunc fringilla, convallis velit sed, malesuada lectus. Curabitur nec malesuada quam, sodales vehicula eros. Quisque maximus elit tellus.<\/p>\n<ul>\n<li>Vivamus non quam laoreet<\/li>\n<li>Sagittis sem sed, malesuada quam.<\/li>\n<li>Fusce nunc nunc, pretium at facilisis in, dapibus at neque.<\/li>\n<li>Duis efficitur ligula orci, vel volutpat mauris mattis at.<\/li>\n<li>Integer sit amet sagittis odio.<\/li>\n<\/ul>\n<h2>\n\t\tProgramme de la formation\n\t<\/h2>\n<h3>\n\t\tI. Fusce condimentum auctor odio nec tempor\n\t<\/h3>\n\t<p>Maecenas malesuada, eros et ultricies commodo, dui est venenatis sem, in tincidunt quam leo nec urna. Duis a velit neque. Nam nulla libero, facilisis sit amet rhoncus nec, volutpat sit amet turpis.<\/p>\n<h3>\n\t\tII. Fusce condimentum auctor odio nec tempor\n\t<\/h3>\n\t<p>Maecenas malesuada, eros et ultricies commodo, dui est venenatis sem, in tincidunt quam leo nec urna. Duis a velit neque. Nam nulla libero, facilisis sit amet rhoncus nec, volutpat sit amet turpis.<\/p>\n<h3>\n\t\tIII. Fusce condimentum auctor odio nec tempor\n\t<\/h3>\n\t<p>Maecenas malesuada, eros et ultricies commodo, dui est venenatis sem, in tincidunt quam leo nec urna. Duis a velit neque. Nam nulla libero, facilisis sit amet rhoncus nec, volutpat sit amet turpis.<\/p>\n<h3>\n\t\tIV. Fusce condimentum auctor odio nec tempor\n\t<\/h3>\n\t<p>Maecenas malesuada, eros et ultricies commodo, dui est venenatis sem, in tincidunt quam leo nec urna. Duis a velit neque. Nam nulla libero, facilisis sit amet rhoncus nec, volutpat sit amet turpis.<\/p>\n\t\t\t<a href=\"\" target=\"_self\" role=\"button\" rel=\"noopener\">\n\t\t\t\t\t\t\tT\u00e9l\u00e9charger le programme\n\t\t\t\t\t<\/a>\n\t\t<h3>Horaires<\/h3>\t\t\t\n\t\t\t\t<ul>\n<li>Lundi au vendredi : 9h-12h<\/li>\n<li>Samedi : 10h-12h<\/li>\n<\/ul>\n\t\t<h3>PUBLIC<\/h3>\t\t\t\n\t\t\t\t<ul>\n<li>D\u00e9butant<\/li>\n<li>Interm\u00e9diaire<\/li>\n<li>Expert<\/li>\n<\/ul>\n\t\t<h3>\u00c0 DOMICILE<\/h3>\t\t\t\n\t\t\t\t<p>Vous pouvez suivre la formation directement de chez vous ou en pr\u00e9sentiel.<\/p>\n<h2>\n\t\tApr\u00e8s la formation\n\t<\/h2>\n\t<p>Phasellus sed arcu id mauris egestas egestas aliquet vitae urna. Nulla vitae convallis ipsum, quis sodales lacus. Phasellus fermentum felis vel odio suscipit egestas. Suspendisse dignissim sem eu tortor ornare auctor.<\/p>\n<p>Sed a nunc fringilla, convallis velit sed, malesuada lectus. Curabitur nec malesuada quam, sodales vehicula eros. Quisque maximus elit tellus. Vivamus non quam laoreet, sagittis sem sed, malesuada quam. Fusce nunc nunc, pretium at facilisis in, dapibus at neque. Duis efficitur ligula orci, vel volutpat mauris mattis at. Integer sit amet sagittis odio<\/p>\n<h2>\n\t\tCette formation vous interesse ?\n\t<\/h2>\n\t<p>R\u00e9servez d\u00e8s maintenant votre place pour la prochaine session<\/p>\n\t\t\t<a href=\"\" target=\"_self\" role=\"button\" rel=\"noopener\">\n\t\t\t\t\t\t\tPARTICIPER \u00e0 la prochaine session\n\t\t\t\t\t<\/a>\n","protected":false},"excerpt":{"rendered":"<p>Formation 3 Fusce eleifend luctus nisi ac gravida luctus nisi ac gravida Pr\u00e9sentation g\u00e9n\u00e9rale Initiation AuX comp\u00e9tences Maecenas malesuada, eros et ultricies commodo Ut ac faucibus nibh. Phasellus sed arcu id mauris egestas egestas aliquet vitae urna. Nulla vitae convallis ipsum, quis sodales lacus. Phasellus fermentum felis vel odio suscipit egestas. Suspendisse dignissim sem eu&hellip;<\/p>\n","protected":false},"author":753,"featured_media":0,"parent":82,"menu_order":0,"comment_status":"closed","ping_status":"closed","template":"","meta":{"footnotes":""},"class_list":["post-111","page","type-page","status-publish","hentry"],"jetpack_sharing_enabled":true,"_links":{"self":[{"href":"https:\/\/cloozi.com\/diane\/wp-json\/wp\/v2\/pages\/111","targetHints":{"allow":["GET"]}}],"collection":[{"href":"https:\/\/cloozi.com\/diane\/wp-json\/wp\/v2\/pages"}],"about":[{"href":"https:\/\/cloozi.com\/diane\/wp-json\/wp\/v2\/types\/page"}],"author":[{"embeddable":true,"href":"https:\/\/cloozi.com\/diane\/wp-json\/wp\/v2\/users\/753"}],"replies":[{"embeddable":true,"href":"https:\/\/cloozi.com\/diane\/wp-json\/wp\/v2\/comments?post=111"}],"version-history":[{"count":4,"href":"https:\/\/cloozi.com\/diane\/wp-json\/wp\/v2\/pages\/111\/revisions"}],"predecessor-version":[{"id":288,"href":"https:\/\/cloozi.com\/diane\/wp-json\/wp\/v2\/pages\/111\/revisions\/288"}],"up":[{"embeddable":true,"href":"https:\/\/cloozi.com\/diane\/wp-json\/wp\/v2\/pages\/82"}],"wp:attachment":[{"href":"https:\/\/cloozi.com\/diane\/wp-json\/wp\/v2\/media?parent=111"}],"curies":[{"name":"wp","href":"https:\/\/api.w.org\/{rel}","templated":true}]}}